{"id":9105,"date":"2022-05-11T14:33:28","date_gmt":"2022-05-11T14:33:28","guid":{"rendered":"https:\/\/www.heynature.de\/?post_type=product&#038;p=9105"},"modified":"2023-02-16T14:35:31","modified_gmt":"2023-02-16T14:35:31","slug":"zedernholzsohlen","status":"publish","type":"product","link":"https:\/\/www.heynature.de\/shop\/produkt\/zedernholzsohlen\/","title":{"rendered":"Zederna Klassik oder Zederna Silvercare"},"content":{"rendered":"","protected":false},"excerpt":{"rendered":"<h2>M\u00f6chtest du einfachen oder doppelten Schutz?<\/h2>\n","protected":false},"featured_media":9360,"comment_status":"open","ping_status":"closed","template":"","meta":[],"product_brand":[],"product_cat":[30],"product_tag":[189,187,178,166,172,184,190,167,180,185,177,186,168,175,176,174,173,181,193,179,191,188,196,194,183,182,171,169,195,165,198,170,197,199],"class_list":{"0":"post-9105","1":"product","2":"type-product","3":"status-publish","4":"has-post-thumbnail","6":"product_cat-sohlen","7":"product_tag-anti-schweiss-sohlen","8":"product_tag-barfuss-einlegesohlen","9":"product_tag-einlagen","10":"product_tag-einlegesohlen","11":"product_tag-einlegesohlen-anti-schweiss","12":"product_tag-einlegesohlen-arbeitsschule","13":"product_tag-einlegesohlen-schweissfuesse","14":"product_tag-einlegesohlen-zedernholz","15":"product_tag-fussdeo","16":"product_tag-fussgeruch-entfernen","17":"product_tag-fusspilz-einlagen","18":"product_tag-fussspray","19":"product_tag-holz-einlegesohlen","20":"product_tag-mittel-gegen-fussgeruch","21":"product_tag-mittel-gegen-fusspilz","22":"product_tag-mittel-gegen-schuhgeruch","23":"product_tag-mittel-gegen-schweissfuesse","24":"product_tag-schuhdeo","25":"product_tag-schuhdesinfektion-silver-care","26":"product_tag-schuheinlagen","27":"product_tag-schuheinlagen-schweissfuesse","28":"product_tag-schuhsohle","29":"product_tag-silberionen","30":"product_tag-silvercare","31":"product_tag-sommer-einlegsohlen","32":"product_tag-vegan","33":"product_tag-zederna","34":"product_tag-zederna-einlegesohlen","35":"product_tag-zederna-silvercare","36":"product_tag-zedernholz-schuheinlagen","37":"product_tag-zedernholz-schuheinlagen-silber","38":"product_tag-zedernsohlen","39":"product_tag-zedernsohlen-silber","40":"product_tag-zedernsohlen-silvercare","41":"pa_brand-zederna","43":"first","44":"instock","45":"taxable","46":"shipping-taxable","47":"product-type-grouped"},"yoast_head":"<!-- This site is optimized with the Yoast SEO plugin v27.2 - https:\/\/yoast.com\/product\/yoast-seo-wordpress\/ -->\n<title>Zederna Klassik oder Zederna Silvercare - Hey Nature<\/title>\n<meta name=\"robots\" content=\"index, follow, max-snippet:-1, max-image-preview:large, max-video-preview:-1\" \/>\n<link rel=\"canonical\" href=\"https:\/\/www.heynature.de\/shop\/produkt\/zedernholzsohlen\/\" \/>\n<meta property=\"og:locale\" content=\"de_DE\" \/>\n<meta property=\"og:type\" content=\"article\" \/>\n<meta property=\"og:title\" content=\"Zederna Klassik oder Zederna Silvercare - Hey Nature\" \/>\n<meta property=\"og:description\" content=\"M\u00f6chtest du einfachen oder doppelten Schutz?\" \/>\n<meta property=\"og:url\" content=\"https:\/\/www.heynature.de\/shop\/produkt\/zedernholzsohlen\/\" \/>\n<meta property=\"og:site_name\" content=\"Hey Nature\" \/>\n<meta property=\"article:publisher\" content=\"https:\/\/www.facebook.com\/people\/Hey-Nature\/100087590509870\/\" \/>\n<meta property=\"article:modified_time\" content=\"2023-02-16T14:35:31+00:00\" \/>\n<meta property=\"og:image\" content=\"https:\/\/www.heynature.de\/shop\/wp-content\/uploads\/2022\/06\/Zederna_Zedernholz_Sohlen.jpg\" \/>\n\t<meta property=\"og:image:width\" content=\"800\" \/>\n\t<meta property=\"og:image:height\" content=\"533\" \/>\n\t<meta property=\"og:image:type\" content=\"image\/jpeg\" \/>\n<meta name=\"twitter:card\" content=\"summary_large_image\" \/>\n<script type=\"application\/ld+json\" class=\"yoast-schema-graph\">{\"@context\":\"https:\/\/schema.org\",\"@graph\":[{\"@type\":\"WebPage\",\"@id\":\"https:\/\/www.heynature.de\/shop\/produkt\/zedernholzsohlen\/\",\"url\":\"https:\/\/www.heynature.de\/shop\/produkt\/zedernholzsohlen\/\",\"name\":\"Zederna Klassik oder Zederna Silvercare - Hey Nature\",\"isPartOf\":{\"@id\":\"https:\/\/www.heynature.de\/shop\/#website\"},\"primaryImageOfPage\":{\"@id\":\"https:\/\/www.heynature.de\/shop\/produkt\/zedernholzsohlen\/#primaryimage\"},\"image\":{\"@id\":\"https:\/\/www.heynature.de\/shop\/produkt\/zedernholzsohlen\/#primaryimage\"},\"thumbnailUrl\":\"https:\/\/www.heynature.de\/shop\/wp-content\/uploads\/2022\/06\/Zederna_Zedernholz_Sohlen.webp\",\"datePublished\":\"2022-05-11T14:33:28+00:00\",\"dateModified\":\"2023-02-16T14:35:31+00:00\",\"breadcrumb\":{\"@id\":\"https:\/\/www.heynature.de\/shop\/produkt\/zedernholzsohlen\/#breadcrumb\"},\"inLanguage\":\"de\",\"potentialAction\":[{\"@type\":\"ReadAction\",\"target\":[\"https:\/\/www.heynature.de\/shop\/produkt\/zedernholzsohlen\/\"]}]},{\"@type\":\"ImageObject\",\"inLanguage\":\"de\",\"@id\":\"https:\/\/www.heynature.de\/shop\/produkt\/zedernholzsohlen\/#primaryimage\",\"url\":\"https:\/\/www.heynature.de\/shop\/wp-content\/uploads\/2022\/06\/Zederna_Zedernholz_Sohlen.webp\",\"contentUrl\":\"https:\/\/www.heynature.de\/shop\/wp-content\/uploads\/2022\/06\/Zederna_Zedernholz_Sohlen.webp\",\"width\":800,\"height\":533,\"caption\":\"Einlegesohlen f\u00fcr frische F\u00fc\u00dfe\"},{\"@type\":\"BreadcrumbList\",\"@id\":\"https:\/\/www.heynature.de\/shop\/produkt\/zedernholzsohlen\/#breadcrumb\",\"itemListElement\":[{\"@type\":\"ListItem\",\"position\":1,\"name\":\"Startseite\",\"item\":\"https:\/\/www.heynature.de\/shop\/\"},{\"@type\":\"ListItem\",\"position\":2,\"name\":\"Shop\",\"item\":\"https:\/\/www.heynature.de\/shop\/\"},{\"@type\":\"ListItem\",\"position\":3,\"name\":\"Zederna Klassik oder Zederna Silvercare\"}]},{\"@type\":\"WebSite\",\"@id\":\"https:\/\/www.heynature.de\/shop\/#website\",\"url\":\"https:\/\/www.heynature.de\/shop\/\",\"name\":\"Hey Nature\",\"description\":\"Innovative, nat\u00fcrliche Produkte f\u00fcr ein gesundes Leben.\",\"publisher\":{\"@id\":\"https:\/\/www.heynature.de\/shop\/#organization\"},\"alternateName\":\"Produkte f\u00fcr ein nat\u00fcrlich ges\u00fcnderes Leben\",\"potentialAction\":[{\"@type\":\"SearchAction\",\"target\":{\"@type\":\"EntryPoint\",\"urlTemplate\":\"https:\/\/www.heynature.de\/shop\/?s={search_term_string}\"},\"query-input\":{\"@type\":\"PropertyValueSpecification\",\"valueRequired\":true,\"valueName\":\"search_term_string\"}}],\"inLanguage\":\"de\"},{\"@type\":\"Organization\",\"@id\":\"https:\/\/www.heynature.de\/shop\/#organization\",\"name\":\"Hey Nature GmbH\",\"alternateName\":\"Hey Nature\",\"url\":\"https:\/\/www.heynature.de\/shop\/\",\"logo\":{\"@type\":\"ImageObject\",\"inLanguage\":\"de\",\"@id\":\"https:\/\/www.heynature.de\/shop\/#\/schema\/logo\/image\/\",\"url\":\"https:\/\/www.heynature.de\/shop\/wp-content\/uploads\/2022\/04\/HeyNature-Logo_grau.png.png\",\"contentUrl\":\"https:\/\/www.heynature.de\/shop\/wp-content\/uploads\/2022\/04\/HeyNature-Logo_grau.png.png\",\"width\":350,\"height\":123,\"caption\":\"Hey Nature GmbH\"},\"image\":{\"@id\":\"https:\/\/www.heynature.de\/shop\/#\/schema\/logo\/image\/\"},\"sameAs\":[\"https:\/\/www.facebook.com\/people\/Hey-Nature\/100087590509870\/\",\"https:\/\/www.instagram.com\/heynature.de\/\"]}]}<\/script>\n<!-- \/ Yoast SEO plugin. -->","yoast_head_json":{"title":"Zederna Klassik oder Zederna Silvercare - Hey Nature","robots":{"index":"index","follow":"follow","max-snippet":"max-snippet:-1","max-image-preview":"max-image-preview:large","max-video-preview":"max-video-preview:-1"},"canonical":"https:\/\/www.heynature.de\/shop\/produkt\/zedernholzsohlen\/","og_locale":"de_DE","og_type":"article","og_title":"Zederna Klassik oder Zederna Silvercare - Hey Nature","og_description":"M\u00f6chtest du einfachen oder doppelten Schutz?","og_url":"https:\/\/www.heynature.de\/shop\/produkt\/zedernholzsohlen\/","og_site_name":"Hey Nature","article_publisher":"https:\/\/www.facebook.com\/people\/Hey-Nature\/100087590509870\/","article_modified_time":"2023-02-16T14:35:31+00:00","og_image":[{"width":800,"height":533,"url":"https:\/\/www.heynature.de\/shop\/wp-content\/uploads\/2022\/06\/Zederna_Zedernholz_Sohlen.jpg","type":"image\/jpeg"}],"twitter_card":"summary_large_image","schema":{"@context":"https:\/\/schema.org","@graph":[{"@type":"WebPage","@id":"https:\/\/www.heynature.de\/shop\/produkt\/zedernholzsohlen\/","url":"https:\/\/www.heynature.de\/shop\/produkt\/zedernholzsohlen\/","name":"Zederna Klassik oder Zederna Silvercare - Hey Nature","isPartOf":{"@id":"https:\/\/www.heynature.de\/shop\/#website"},"primaryImageOfPage":{"@id":"https:\/\/www.heynature.de\/shop\/produkt\/zedernholzsohlen\/#primaryimage"},"image":{"@id":"https:\/\/www.heynature.de\/shop\/produkt\/zedernholzsohlen\/#primaryimage"},"thumbnailUrl":"https:\/\/www.heynature.de\/shop\/wp-content\/uploads\/2022\/06\/Zederna_Zedernholz_Sohlen.webp","datePublished":"2022-05-11T14:33:28+00:00","dateModified":"2023-02-16T14:35:31+00:00","breadcrumb":{"@id":"https:\/\/www.heynature.de\/shop\/produkt\/zedernholzsohlen\/#breadcrumb"},"inLanguage":"de","potentialAction":[{"@type":"ReadAction","target":["https:\/\/www.heynature.de\/shop\/produkt\/zedernholzsohlen\/"]}]},{"@type":"ImageObject","inLanguage":"de","@id":"https:\/\/www.heynature.de\/shop\/produkt\/zedernholzsohlen\/#primaryimage","url":"https:\/\/www.heynature.de\/shop\/wp-content\/uploads\/2022\/06\/Zederna_Zedernholz_Sohlen.webp","contentUrl":"https:\/\/www.heynature.de\/shop\/wp-content\/uploads\/2022\/06\/Zederna_Zedernholz_Sohlen.webp","width":800,"height":533,"caption":"Einlegesohlen f\u00fcr frische F\u00fc\u00dfe"},{"@type":"BreadcrumbList","@id":"https:\/\/www.heynature.de\/shop\/produkt\/zedernholzsohlen\/#breadcrumb","itemListElement":[{"@type":"ListItem","position":1,"name":"Startseite","item":"https:\/\/www.heynature.de\/shop\/"},{"@type":"ListItem","position":2,"name":"Shop","item":"https:\/\/www.heynature.de\/shop\/"},{"@type":"ListItem","position":3,"name":"Zederna Klassik oder Zederna Silvercare"}]},{"@type":"WebSite","@id":"https:\/\/www.heynature.de\/shop\/#website","url":"https:\/\/www.heynature.de\/shop\/","name":"Hey Nature","description":"Innovative, nat\u00fcrliche Produkte f\u00fcr ein gesundes Leben.","publisher":{"@id":"https:\/\/www.heynature.de\/shop\/#organization"},"alternateName":"Produkte f\u00fcr ein nat\u00fcrlich ges\u00fcnderes Leben","potentialAction":[{"@type":"SearchAction","target":{"@type":"EntryPoint","urlTemplate":"https:\/\/www.heynature.de\/shop\/?s={search_term_string}"},"query-input":{"@type":"PropertyValueSpecification","valueRequired":true,"valueName":"search_term_string"}}],"inLanguage":"de"},{"@type":"Organization","@id":"https:\/\/www.heynature.de\/shop\/#organization","name":"Hey Nature GmbH","alternateName":"Hey Nature","url":"https:\/\/www.heynature.de\/shop\/","logo":{"@type":"ImageObject","inLanguage":"de","@id":"https:\/\/www.heynature.de\/shop\/#\/schema\/logo\/image\/","url":"https:\/\/www.heynature.de\/shop\/wp-content\/uploads\/2022\/04\/HeyNature-Logo_grau.png.png","contentUrl":"https:\/\/www.heynature.de\/shop\/wp-content\/uploads\/2022\/04\/HeyNature-Logo_grau.png.png","width":350,"height":123,"caption":"Hey Nature GmbH"},"image":{"@id":"https:\/\/www.heynature.de\/shop\/#\/schema\/logo\/image\/"},"sameAs":["https:\/\/www.facebook.com\/people\/Hey-Nature\/100087590509870\/","https:\/\/www.instagram.com\/heynature.de\/"]}]}},"tiered_pricing_type":"fixed","tiered_pricing_fixed_rules":[],"tiered_pricing_product_settings":{"layout":"default","base_unit_name":{"singular":null,"plural":null},"default_variation":null},"tiered_pricing_minimum_quantity":null,"tiered_pricing_roles_data":[],"tiered_pricing_percentage_rules":[],"tiered_pricing_maximum_quantity":null,"tiered_pricing_quantity_step":null,"_links":{"self":[{"href":"https:\/\/www.heynature.de\/shop\/wp-json\/wp\/v2\/product\/9105","targetHints":{"allow":["GET"]}}],"collection":[{"href":"https:\/\/www.heynature.de\/shop\/wp-json\/wp\/v2\/product"}],"about":[{"href":"https:\/\/www.heynature.de\/shop\/wp-json\/wp\/v2\/types\/product"}],"replies":[{"embeddable":true,"href":"https:\/\/www.heynature.de\/shop\/wp-json\/wp\/v2\/comments?post=9105"}],"version-history":[{"count":0,"href":"https:\/\/www.heynature.de\/shop\/wp-json\/wp\/v2\/product\/9105\/revisions"}],"wp:featuredmedia":[{"embeddable":true,"href":"https:\/\/www.heynature.de\/shop\/wp-json\/wp\/v2\/media\/9360"}],"wp:attachment":[{"href":"https:\/\/www.heynature.de\/shop\/wp-json\/wp\/v2\/media?parent=9105"}],"wp:term":[{"taxonomy":"product_brand","embeddable":true,"href":"https:\/\/www.heynature.de\/shop\/wp-json\/wp\/v2\/product_brand?post=9105"},{"taxonomy":"product_cat","embeddable":true,"href":"https:\/\/www.heynature.de\/shop\/wp-json\/wp\/v2\/product_cat?post=9105"},{"taxonomy":"product_tag","embeddable":true,"href":"https:\/\/www.heynature.de\/shop\/wp-json\/wp\/v2\/product_tag?post=9105"}],"curies":[{"name":"wp","href":"https:\/\/api.w.org\/{rel}","templated":true}]}}