{"id":88388,"date":"2023-07-17T16:12:50","date_gmt":"2023-07-17T14:12:50","guid":{"rendered":"https:\/\/www.heynature.de\/shop\/?post_type=product&#038;p=88388"},"modified":"2024-01-15T13:51:50","modified_gmt":"2024-01-15T12:51:50","slug":"test0717","status":"publish","type":"product","link":"https:\/\/www.heynature.de\/shop\/produkt\/test0717\/","title":{"rendered":"test0717"},"content":{"rendered":"","protected":false},"excerpt":{"rendered":"","protected":false},"featured_media":0,"comment_status":"open","ping_status":"closed","template":"","meta":[],"product_brand":[],"product_cat":[30],"product_tag":[],"class_list":{"0":"post-88388","1":"product","2":"type-product","3":"status-publish","5":"product_cat-sohlen","7":"first","8":"instock","9":"taxable","10":"shipping-taxable","11":"purchasable","12":"product-type-simple"},"yoast_head":"<!-- This site is optimized with the Yoast SEO plugin v27.2 - https:\/\/yoast.com\/product\/yoast-seo-wordpress\/ -->\n<title>test0717 - Hey Nature<\/title>\n<meta name=\"robots\" content=\"noindex, nofollow\" \/>\n<meta property=\"og:locale\" content=\"de_DE\" \/>\n<meta property=\"og:type\" content=\"article\" \/>\n<meta property=\"og:title\" content=\"test0717 - Hey Nature\" \/>\n<meta property=\"og:url\" content=\"https:\/\/www.heynature.de\/shop\/produkt\/test0717\/\" \/>\n<meta property=\"og:site_name\" content=\"Hey Nature\" \/>\n<meta property=\"article:publisher\" content=\"https:\/\/www.facebook.com\/people\/Hey-Nature\/100087590509870\/\" \/>\n<meta property=\"article:modified_time\" content=\"2024-01-15T12:51:50+00:00\" \/>\n<meta name=\"twitter:card\" content=\"summary_large_image\" \/>\n<script type=\"application\/ld+json\" class=\"yoast-schema-graph\">{\"@context\":\"https:\/\/schema.org\",\"@graph\":[{\"@type\":\"WebPage\",\"@id\":\"https:\/\/www.heynature.de\/shop\/produkt\/test0717\/\",\"url\":\"https:\/\/www.heynature.de\/shop\/produkt\/test0717\/\",\"name\":\"test0717 - Hey Nature\",\"isPartOf\":{\"@id\":\"https:\/\/www.heynature.de\/shop\/#website\"},\"datePublished\":\"2023-07-17T14:12:50+00:00\",\"dateModified\":\"2024-01-15T12:51:50+00:00\",\"breadcrumb\":{\"@id\":\"https:\/\/www.heynature.de\/shop\/produkt\/test0717\/#breadcrumb\"},\"inLanguage\":\"de\",\"potentialAction\":[{\"@type\":\"ReadAction\",\"target\":[\"https:\/\/www.heynature.de\/shop\/produkt\/test0717\/\"]}]},{\"@type\":\"BreadcrumbList\",\"@id\":\"https:\/\/www.heynature.de\/shop\/produkt\/test0717\/#breadcrumb\",\"itemListElement\":[{\"@type\":\"ListItem\",\"position\":1,\"name\":\"Startseite\",\"item\":\"https:\/\/www.heynature.de\/shop\/\"},{\"@type\":\"ListItem\",\"position\":2,\"name\":\"Shop\",\"item\":\"https:\/\/www.heynature.de\/shop\/\"},{\"@type\":\"ListItem\",\"position\":3,\"name\":\"test0717\"}]},{\"@type\":\"WebSite\",\"@id\":\"https:\/\/www.heynature.de\/shop\/#website\",\"url\":\"https:\/\/www.heynature.de\/shop\/\",\"name\":\"Hey Nature\",\"description\":\"Innovative, nat\u00fcrliche Produkte f\u00fcr ein gesundes Leben.\",\"publisher\":{\"@id\":\"https:\/\/www.heynature.de\/shop\/#organization\"},\"alternateName\":\"Produkte f\u00fcr ein nat\u00fcrlich ges\u00fcnderes Leben\",\"potentialAction\":[{\"@type\":\"SearchAction\",\"target\":{\"@type\":\"EntryPoint\",\"urlTemplate\":\"https:\/\/www.heynature.de\/shop\/?s={search_term_string}\"},\"query-input\":{\"@type\":\"PropertyValueSpecification\",\"valueRequired\":true,\"valueName\":\"search_term_string\"}}],\"inLanguage\":\"de\"},{\"@type\":\"Organization\",\"@id\":\"https:\/\/www.heynature.de\/shop\/#organization\",\"name\":\"Hey Nature GmbH\",\"alternateName\":\"Hey Nature\",\"url\":\"https:\/\/www.heynature.de\/shop\/\",\"logo\":{\"@type\":\"ImageObject\",\"inLanguage\":\"de\",\"@id\":\"https:\/\/www.heynature.de\/shop\/#\/schema\/logo\/image\/\",\"url\":\"https:\/\/www.heynature.de\/shop\/wp-content\/uploads\/2022\/04\/HeyNature-Logo_grau.png.png\",\"contentUrl\":\"https:\/\/www.heynature.de\/shop\/wp-content\/uploads\/2022\/04\/HeyNature-Logo_grau.png.png\",\"width\":350,\"height\":123,\"caption\":\"Hey Nature GmbH\"},\"image\":{\"@id\":\"https:\/\/www.heynature.de\/shop\/#\/schema\/logo\/image\/\"},\"sameAs\":[\"https:\/\/www.facebook.com\/people\/Hey-Nature\/100087590509870\/\",\"https:\/\/www.instagram.com\/heynature.de\/\"]}]}<\/script>\n<!-- \/ Yoast SEO plugin. -->","yoast_head_json":{"title":"test0717 - Hey Nature","robots":{"index":"noindex","follow":"nofollow"},"og_locale":"de_DE","og_type":"article","og_title":"test0717 - Hey Nature","og_url":"https:\/\/www.heynature.de\/shop\/produkt\/test0717\/","og_site_name":"Hey Nature","article_publisher":"https:\/\/www.facebook.com\/people\/Hey-Nature\/100087590509870\/","article_modified_time":"2024-01-15T12:51:50+00:00","twitter_card":"summary_large_image","schema":{"@context":"https:\/\/schema.org","@graph":[{"@type":"WebPage","@id":"https:\/\/www.heynature.de\/shop\/produkt\/test0717\/","url":"https:\/\/www.heynature.de\/shop\/produkt\/test0717\/","name":"test0717 - Hey Nature","isPartOf":{"@id":"https:\/\/www.heynature.de\/shop\/#website"},"datePublished":"2023-07-17T14:12:50+00:00","dateModified":"2024-01-15T12:51:50+00:00","breadcrumb":{"@id":"https:\/\/www.heynature.de\/shop\/produkt\/test0717\/#breadcrumb"},"inLanguage":"de","potentialAction":[{"@type":"ReadAction","target":["https:\/\/www.heynature.de\/shop\/produkt\/test0717\/"]}]},{"@type":"BreadcrumbList","@id":"https:\/\/www.heynature.de\/shop\/produkt\/test0717\/#breadcrumb","itemListElement":[{"@type":"ListItem","position":1,"name":"Startseite","item":"https:\/\/www.heynature.de\/shop\/"},{"@type":"ListItem","position":2,"name":"Shop","item":"https:\/\/www.heynature.de\/shop\/"},{"@type":"ListItem","position":3,"name":"test0717"}]},{"@type":"WebSite","@id":"https:\/\/www.heynature.de\/shop\/#website","url":"https:\/\/www.heynature.de\/shop\/","name":"Hey Nature","description":"Innovative, nat\u00fcrliche Produkte f\u00fcr ein gesundes Leben.","publisher":{"@id":"https:\/\/www.heynature.de\/shop\/#organization"},"alternateName":"Produkte f\u00fcr ein nat\u00fcrlich ges\u00fcnderes Leben","potentialAction":[{"@type":"SearchAction","target":{"@type":"EntryPoint","urlTemplate":"https:\/\/www.heynature.de\/shop\/?s={search_term_string}"},"query-input":{"@type":"PropertyValueSpecification","valueRequired":true,"valueName":"search_term_string"}}],"inLanguage":"de"},{"@type":"Organization","@id":"https:\/\/www.heynature.de\/shop\/#organization","name":"Hey Nature GmbH","alternateName":"Hey Nature","url":"https:\/\/www.heynature.de\/shop\/","logo":{"@type":"ImageObject","inLanguage":"de","@id":"https:\/\/www.heynature.de\/shop\/#\/schema\/logo\/image\/","url":"https:\/\/www.heynature.de\/shop\/wp-content\/uploads\/2022\/04\/HeyNature-Logo_grau.png.png","contentUrl":"https:\/\/www.heynature.de\/shop\/wp-content\/uploads\/2022\/04\/HeyNature-Logo_grau.png.png","width":350,"height":123,"caption":"Hey Nature GmbH"},"image":{"@id":"https:\/\/www.heynature.de\/shop\/#\/schema\/logo\/image\/"},"sameAs":["https:\/\/www.facebook.com\/people\/Hey-Nature\/100087590509870\/","https:\/\/www.instagram.com\/heynature.de\/"]}]}},"tiered_pricing_type":"fixed","tiered_pricing_fixed_rules":[],"tiered_pricing_product_settings":{"layout":"default","base_unit_name":{"singular":null,"plural":null},"default_variation":null},"tiered_pricing_minimum_quantity":null,"tiered_pricing_roles_data":[],"tiered_pricing_percentage_rules":[],"tiered_pricing_maximum_quantity":null,"tiered_pricing_quantity_step":null,"_links":{"self":[{"href":"https:\/\/www.heynature.de\/shop\/wp-json\/wp\/v2\/product\/88388","targetHints":{"allow":["GET"]}}],"collection":[{"href":"https:\/\/www.heynature.de\/shop\/wp-json\/wp\/v2\/product"}],"about":[{"href":"https:\/\/www.heynature.de\/shop\/wp-json\/wp\/v2\/types\/product"}],"replies":[{"embeddable":true,"href":"https:\/\/www.heynature.de\/shop\/wp-json\/wp\/v2\/comments?post=88388"}],"version-history":[{"count":0,"href":"https:\/\/www.heynature.de\/shop\/wp-json\/wp\/v2\/product\/88388\/revisions"}],"wp:attachment":[{"href":"https:\/\/www.heynature.de\/shop\/wp-json\/wp\/v2\/media?parent=88388"}],"wp:term":[{"taxonomy":"product_brand","embeddable":true,"href":"https:\/\/www.heynature.de\/shop\/wp-json\/wp\/v2\/product_brand?post=88388"},{"taxonomy":"product_cat","embeddable":true,"href":"https:\/\/www.heynature.de\/shop\/wp-json\/wp\/v2\/product_cat?post=88388"},{"taxonomy":"product_tag","embeddable":true,"href":"https:\/\/www.heynature.de\/shop\/wp-json\/wp\/v2\/product_tag?post=88388"}],"curies":[{"name":"wp","href":"https:\/\/api.w.org\/{rel}","templated":true}]}}