{"id":83921,"date":"2022-12-22T15:37:43","date_gmt":"2022-12-22T15:37:43","guid":{"rendered":"https:\/\/www.heynature.de\/?post_type=product&#038;p=83921"},"modified":"2025-12-01T14:20:56","modified_gmt":"2025-12-01T13:20:56","slug":"thronjuwel-toilettenspray","status":"publish","type":"product","link":"https:\/\/www.heynature.de\/shop\/produkt\/thronjuwel-toilettenspray\/","title":{"rendered":"Thronjuwel Toilettenparfum &#8211; das nat\u00fcrliche Toilettenspray"},"content":{"rendered":"\t\t<div data-elementor-type=\"product-post\" data-elementor-id=\"83921\" class=\"elementor elementor-83921\" data-elementor-post-type=\"product\">\n\t\t\t\t\t\t<section class=\"wd-negative-gap elementor-section elementor-top-section elementor-element elementor-element-1f28b2b3 elementor-section-boxed elementor-section-height-default elementor-section-height-default\" data-id=\"1f28b2b3\" data-element_type=\"section\" data-e-type=\"section\">\n\t\t\t\t\t\t<div class=\"elementor-container elementor-column-gap-default\">\n\t\t\t\t\t<div class=\"elementor-column elementor-col-100 elementor-top-column elementor-element elementor-element-7144bf7d\" data-id=\"7144bf7d\" data-element_type=\"column\" data-e-type=\"column\">\n\t\t\t<div class=\"elementor-widget-wrap elementor-element-populated\">\n\t\t\t\t\t\t<div class=\"elementor-element elementor-element-12e04796 color-scheme-inherit text-left elementor-widget elementor-widget-text-editor\" data-id=\"12e04796\" data-element_type=\"widget\" data-e-type=\"widget\" data-widget_type=\"text-editor.default\">\n\t\t\t\t<div class=\"elementor-widget-container\">\n\t\t\t\t\t\t\t\t\t<ul><li><span class=\"a-list-item\">Thronjuwel Toilettenparfum \u2013 beseitigt peinliche Toilettenger\u00fcche, bevor jemand anderes sie riechen kann! Das einzige nat\u00fcrliche, in Deutschland hergestellte WC Duftspray. <\/span><\/li><li><span class=\"a-list-item\">Im praktischen Flakon aus recyceltem PET Material &#8211; passt in jede Handtasche<br \/><\/span><\/li><li><span class=\"a-list-item\">V\u00f6llig innovatives Wirkprinzip: Unser Toilettenspray stoppt ungewollte Kloger\u00fcche durch einen einzigartigen, pflanzlichen Schutzfilm, der die Ger\u00fcche effektiv einschlie\u00dft anstatt sie wie andere Mittel nur zu \u00fcberdecken! <\/span><\/li><li><span class=\"a-list-item\">Simple Anwendung: Thronjuwel Toilettenparfum einfach vor dem Toilettengang in die Toilette spr\u00fchen\u00a0 und das WC frisch duftend verlassen. Keine Verd\u00e4chtigen poo \ud83d\udca9Ger\u00fcche mehr! <\/span><\/li><li><span class=\"a-list-item\">Sch\u00fctzt vor vielen peinlichen Situationen: Auf der Arbeit (B\u00fcrotoilette), im Restaurant, beim Date, in der WG, im Urlaub, unterwegs &amp; im Badezimmer zu Hause! <\/span><\/li><li><span class=\"a-list-item\">Der Umwelt zuliebe &#8211; frei von scharfen Chemikalien, biologisch abbaubar. Hochwertige \u00e4therische \u00d6le bilden eine Duftbarriere, frei von synthetischen Duftstoffen. Verpackung aus recyceltem Material. Kurze Transportwege: Hergestellt in Deutschland. Frei von Tierversuchen! <\/span><\/li><li><span class=\"a-list-item\">Ideal als originelles Geschenk f\u00fcr Sie und Ihn, Gag-Geschenk, Weihnachtsgeschenk, F\u00fcllung f\u00fcr den Adventskalender oder als Accessoire auf deiner G\u00e4stetoilette! <\/span><\/li><\/ul>\t\t\t\t\t\t\t\t<\/div>\n\t\t\t\t<\/div>\n\t\t\t\t\t<\/div>\n\t\t<\/div>\n\t\t\t\t\t<\/div>\n\t\t<\/section>\n\t\t\t\t<\/div>\n\t\t","protected":false},"excerpt":{"rendered":"[html_block id=\"103818\"]\n","protected":false},"featured_media":103734,"comment_status":"open","ping_status":"closed","template":"","meta":[],"product_brand":[],"product_cat":[628,160,31],"product_tag":[304,300,321,320,305,313,302,310,324,155,301,312,327,307,311,303,309,314,326,315,297,156,319,318,322,317,154,323,298,325,306,308,299,316,157],"class_list":{"0":"post-83921","1":"product","2":"type-product","3":"status-publish","4":"has-post-thumbnail","6":"product_cat-fuer-dein-zu-hause","7":"product_cat-wohltunde-gerueche","8":"product_cat-bauchwohl","9":"product_tag-bad-duft","10":"product_tag-badspray","11":"product_tag-before-toiletten-spray","12":"product_tag-before-you-go-spray","13":"product_tag-duft-fuer-wc","14":"product_tag-duft-wc","15":"product_tag-duftspray","16":"product_tag-duftspray-toilette","17":"product_tag-fuer-unterwegs","18":"product_tag-gegen-schlechte-gerueche","19":"product_tag-geruchsneutralisierer","20":"product_tag-kklo-duft","21":"product_tag-kloduft","22":"product_tag-klospray","23":"product_tag-natuerlicher-duft-klo","24":"product_tag-poo-pourri","25":"product_tag-poo-pourri-spray","26":"product_tag-poop-spray","27":"product_tag-raumspray","28":"product_tag-shit-happens","29":"product_tag-thronjuwel","30":"product_tag-toilette","31":"product_tag-toiletten-duft","32":"product_tag-toiletten-parfum","33":"product_tag-toiletten-spray","34":"product_tag-toilettenduft","35":"product_tag-toilettenparfum","36":"product_tag-toilettenparfum-zum-mitnehmen","37":"product_tag-toilettenspray","38":"product_tag-unrichbar-sein-wc","39":"product_tag-wc-duft","40":"product_tag-wc-duftspray","41":"product_tag-wc-frisch","42":"product_tag-wc-spray","43":"product_tag-wohlriechend","44":"product_shipping_class-maxibrief","45":"pa_brand-thronjuwel","47":"first","48":"instock","49":"sale","50":"taxable","51":"shipping-taxable","52":"purchasable","53":"product-type-variable","54":"has-default-attributes"},"yoast_head":"<!-- This site is optimized with the Yoast SEO plugin v27.2 - https:\/\/yoast.com\/product\/yoast-seo-wordpress\/ -->\n<title>Thronjuwel Toilettenparfum - das nat\u00fcrliche Toilettenspray \ud83d\udca9<\/title>\n<meta name=\"description\" content=\"Das innovative Toilettenspray gegen unangenehme Ger\u00fcche beim gro\u00dfen Gesch\u00e4ft! \ud83d\udca9 Toilettenger\u00fcche nat\u00fcrlich eliminieren. Bekannt aus &quot;Die H\u00f6hle der L\u00f6wen&quot;.\" \/>\n<meta name=\"robots\" content=\"index, follow, max-snippet:-1, max-image-preview:large, max-video-preview:-1\" \/>\n<link rel=\"canonical\" href=\"https:\/\/www.heynature.de\/shop\/produkt\/thronjuwel-toilettenspray\/\" \/>\n<meta property=\"og:locale\" content=\"de_DE\" \/>\n<meta property=\"og:type\" content=\"article\" \/>\n<meta property=\"og:title\" content=\"Thronjuwel Toilettenparfum - das nat\u00fcrliche Toilettenspray \ud83d\udca9\" \/>\n<meta property=\"og:description\" content=\"Das innovative Toilettenspray gegen unangenehme Ger\u00fcche beim gro\u00dfen Gesch\u00e4ft! \ud83d\udca9 Toilettenger\u00fcche nat\u00fcrlich eliminieren. Bekannt aus &quot;Die H\u00f6hle der L\u00f6wen&quot;.\" \/>\n<meta property=\"og:url\" content=\"https:\/\/www.heynature.de\/shop\/produkt\/thronjuwel-toilettenspray\/\" \/>\n<meta property=\"og:site_name\" content=\"Hey Nature\" \/>\n<meta property=\"article:publisher\" content=\"https:\/\/www.facebook.com\/people\/Hey-Nature\/100087590509870\/\" \/>\n<meta property=\"article:modified_time\" content=\"2025-12-01T13:20:56+00:00\" \/>\n<meta property=\"og:image\" content=\"https:\/\/www.heynature.de\/shop\/wp-content\/uploads\/2022\/12\/202407ab_TJ50ml-TitelbildDE_v01b_full_Zeichenflaeche-1.webp\" \/>\n\t<meta property=\"og:image:width\" content=\"1920\" \/>\n\t<meta property=\"og:image:height\" content=\"1920\" \/>\n\t<meta property=\"og:image:type\" content=\"image\/webp\" \/>\n<meta name=\"twitter:card\" content=\"summary_large_image\" \/>\n<meta name=\"twitter:label1\" content=\"Gesch\u00e4tzte Lesezeit\" \/>\n\t<meta name=\"twitter:data1\" content=\"2\u00a0Minuten\" \/>\n<script type=\"application\/ld+json\" class=\"yoast-schema-graph\">{\"@context\":\"https:\/\/schema.org\",\"@graph\":[{\"@type\":\"WebPage\",\"@id\":\"https:\/\/www.heynature.de\/shop\/produkt\/thronjuwel-toilettenspray\/\",\"url\":\"https:\/\/www.heynature.de\/shop\/produkt\/thronjuwel-toilettenspray\/\",\"name\":\"Thronjuwel Toilettenparfum - das nat\u00fcrliche Toilettenspray \ud83d\udca9\",\"isPartOf\":{\"@id\":\"https:\/\/www.heynature.de\/shop\/#website\"},\"primaryImageOfPage\":{\"@id\":\"https:\/\/www.heynature.de\/shop\/produkt\/thronjuwel-toilettenspray\/#primaryimage\"},\"image\":{\"@id\":\"https:\/\/www.heynature.de\/shop\/produkt\/thronjuwel-toilettenspray\/#primaryimage\"},\"thumbnailUrl\":\"https:\/\/www.heynature.de\/shop\/wp-content\/uploads\/2022\/12\/202407ab_TJ50ml-TitelbildDE_v01b_full_Zeichenflaeche-1.webp\",\"datePublished\":\"2022-12-22T15:37:43+00:00\",\"dateModified\":\"2025-12-01T13:20:56+00:00\",\"description\":\"Das innovative Toilettenspray gegen unangenehme Ger\u00fcche beim gro\u00dfen Gesch\u00e4ft! \ud83d\udca9 Toilettenger\u00fcche nat\u00fcrlich eliminieren. Bekannt aus \\\"Die H\u00f6hle der L\u00f6wen\\\".\",\"breadcrumb\":{\"@id\":\"https:\/\/www.heynature.de\/shop\/produkt\/thronjuwel-toilettenspray\/#breadcrumb\"},\"inLanguage\":\"de\",\"potentialAction\":[{\"@type\":\"ReadAction\",\"target\":[\"https:\/\/www.heynature.de\/shop\/produkt\/thronjuwel-toilettenspray\/\"]}]},{\"@type\":\"ImageObject\",\"inLanguage\":\"de\",\"@id\":\"https:\/\/www.heynature.de\/shop\/produkt\/thronjuwel-toilettenspray\/#primaryimage\",\"url\":\"https:\/\/www.heynature.de\/shop\/wp-content\/uploads\/2022\/12\/202407ab_TJ50ml-TitelbildDE_v01b_full_Zeichenflaeche-1.webp\",\"contentUrl\":\"https:\/\/www.heynature.de\/shop\/wp-content\/uploads\/2022\/12\/202407ab_TJ50ml-TitelbildDE_v01b_full_Zeichenflaeche-1.webp\",\"width\":1920,\"height\":1920},{\"@type\":\"BreadcrumbList\",\"@id\":\"https:\/\/www.heynature.de\/shop\/produkt\/thronjuwel-toilettenspray\/#breadcrumb\",\"itemListElement\":[{\"@type\":\"ListItem\",\"position\":1,\"name\":\"Startseite\",\"item\":\"https:\/\/www.heynature.de\/shop\/\"},{\"@type\":\"ListItem\",\"position\":2,\"name\":\"Shop\",\"item\":\"https:\/\/www.heynature.de\/shop\/\"},{\"@type\":\"ListItem\",\"position\":3,\"name\":\"Thronjuwel Toilettenparfum &#8211; das nat\u00fcrliche Toilettenspray\"}]},{\"@type\":\"WebSite\",\"@id\":\"https:\/\/www.heynature.de\/shop\/#website\",\"url\":\"https:\/\/www.heynature.de\/shop\/\",\"name\":\"Hey Nature\",\"description\":\"Innovative, nat\u00fcrliche Produkte f\u00fcr ein gesundes Leben.\",\"publisher\":{\"@id\":\"https:\/\/www.heynature.de\/shop\/#organization\"},\"alternateName\":\"Produkte f\u00fcr ein nat\u00fcrlich ges\u00fcnderes Leben\",\"potentialAction\":[{\"@type\":\"SearchAction\",\"target\":{\"@type\":\"EntryPoint\",\"urlTemplate\":\"https:\/\/www.heynature.de\/shop\/?s={search_term_string}\"},\"query-input\":{\"@type\":\"PropertyValueSpecification\",\"valueRequired\":true,\"valueName\":\"search_term_string\"}}],\"inLanguage\":\"de\"},{\"@type\":\"Organization\",\"@id\":\"https:\/\/www.heynature.de\/shop\/#organization\",\"name\":\"Hey Nature GmbH\",\"alternateName\":\"Hey Nature\",\"url\":\"https:\/\/www.heynature.de\/shop\/\",\"logo\":{\"@type\":\"ImageObject\",\"inLanguage\":\"de\",\"@id\":\"https:\/\/www.heynature.de\/shop\/#\/schema\/logo\/image\/\",\"url\":\"https:\/\/www.heynature.de\/shop\/wp-content\/uploads\/2022\/04\/HeyNature-Logo_grau.png.png\",\"contentUrl\":\"https:\/\/www.heynature.de\/shop\/wp-content\/uploads\/2022\/04\/HeyNature-Logo_grau.png.png\",\"width\":350,\"height\":123,\"caption\":\"Hey Nature GmbH\"},\"image\":{\"@id\":\"https:\/\/www.heynature.de\/shop\/#\/schema\/logo\/image\/\"},\"sameAs\":[\"https:\/\/www.facebook.com\/people\/Hey-Nature\/100087590509870\/\",\"https:\/\/www.instagram.com\/heynature.de\/\"]}]}<\/script>\n<!-- \/ Yoast SEO plugin. -->","yoast_head_json":{"title":"Thronjuwel Toilettenparfum - das nat\u00fcrliche Toilettenspray \ud83d\udca9","description":"Das innovative Toilettenspray gegen unangenehme Ger\u00fcche beim gro\u00dfen Gesch\u00e4ft! \ud83d\udca9 Toilettenger\u00fcche nat\u00fcrlich eliminieren. Bekannt aus \"Die H\u00f6hle der L\u00f6wen\".","robots":{"index":"index","follow":"follow","max-snippet":"max-snippet:-1","max-image-preview":"max-image-preview:large","max-video-preview":"max-video-preview:-1"},"canonical":"https:\/\/www.heynature.de\/shop\/produkt\/thronjuwel-toilettenspray\/","og_locale":"de_DE","og_type":"article","og_title":"Thronjuwel Toilettenparfum - das nat\u00fcrliche Toilettenspray \ud83d\udca9","og_description":"Das innovative Toilettenspray gegen unangenehme Ger\u00fcche beim gro\u00dfen Gesch\u00e4ft! \ud83d\udca9 Toilettenger\u00fcche nat\u00fcrlich eliminieren. Bekannt aus \"Die H\u00f6hle der L\u00f6wen\".","og_url":"https:\/\/www.heynature.de\/shop\/produkt\/thronjuwel-toilettenspray\/","og_site_name":"Hey Nature","article_publisher":"https:\/\/www.facebook.com\/people\/Hey-Nature\/100087590509870\/","article_modified_time":"2025-12-01T13:20:56+00:00","og_image":[{"width":1920,"height":1920,"url":"https:\/\/www.heynature.de\/shop\/wp-content\/uploads\/2022\/12\/202407ab_TJ50ml-TitelbildDE_v01b_full_Zeichenflaeche-1.webp","type":"image\/webp"}],"twitter_card":"summary_large_image","twitter_misc":{"Gesch\u00e4tzte Lesezeit":"2\u00a0Minuten"},"schema":{"@context":"https:\/\/schema.org","@graph":[{"@type":"WebPage","@id":"https:\/\/www.heynature.de\/shop\/produkt\/thronjuwel-toilettenspray\/","url":"https:\/\/www.heynature.de\/shop\/produkt\/thronjuwel-toilettenspray\/","name":"Thronjuwel Toilettenparfum - das nat\u00fcrliche Toilettenspray \ud83d\udca9","isPartOf":{"@id":"https:\/\/www.heynature.de\/shop\/#website"},"primaryImageOfPage":{"@id":"https:\/\/www.heynature.de\/shop\/produkt\/thronjuwel-toilettenspray\/#primaryimage"},"image":{"@id":"https:\/\/www.heynature.de\/shop\/produkt\/thronjuwel-toilettenspray\/#primaryimage"},"thumbnailUrl":"https:\/\/www.heynature.de\/shop\/wp-content\/uploads\/2022\/12\/202407ab_TJ50ml-TitelbildDE_v01b_full_Zeichenflaeche-1.webp","datePublished":"2022-12-22T15:37:43+00:00","dateModified":"2025-12-01T13:20:56+00:00","description":"Das innovative Toilettenspray gegen unangenehme Ger\u00fcche beim gro\u00dfen Gesch\u00e4ft! \ud83d\udca9 Toilettenger\u00fcche nat\u00fcrlich eliminieren. Bekannt aus \"Die H\u00f6hle der L\u00f6wen\".","breadcrumb":{"@id":"https:\/\/www.heynature.de\/shop\/produkt\/thronjuwel-toilettenspray\/#breadcrumb"},"inLanguage":"de","potentialAction":[{"@type":"ReadAction","target":["https:\/\/www.heynature.de\/shop\/produkt\/thronjuwel-toilettenspray\/"]}]},{"@type":"ImageObject","inLanguage":"de","@id":"https:\/\/www.heynature.de\/shop\/produkt\/thronjuwel-toilettenspray\/#primaryimage","url":"https:\/\/www.heynature.de\/shop\/wp-content\/uploads\/2022\/12\/202407ab_TJ50ml-TitelbildDE_v01b_full_Zeichenflaeche-1.webp","contentUrl":"https:\/\/www.heynature.de\/shop\/wp-content\/uploads\/2022\/12\/202407ab_TJ50ml-TitelbildDE_v01b_full_Zeichenflaeche-1.webp","width":1920,"height":1920},{"@type":"BreadcrumbList","@id":"https:\/\/www.heynature.de\/shop\/produkt\/thronjuwel-toilettenspray\/#breadcrumb","itemListElement":[{"@type":"ListItem","position":1,"name":"Startseite","item":"https:\/\/www.heynature.de\/shop\/"},{"@type":"ListItem","position":2,"name":"Shop","item":"https:\/\/www.heynature.de\/shop\/"},{"@type":"ListItem","position":3,"name":"Thronjuwel Toilettenparfum &#8211; das nat\u00fcrliche Toilettenspray"}]},{"@type":"WebSite","@id":"https:\/\/www.heynature.de\/shop\/#website","url":"https:\/\/www.heynature.de\/shop\/","name":"Hey Nature","description":"Innovative, nat\u00fcrliche Produkte f\u00fcr ein gesundes Leben.","publisher":{"@id":"https:\/\/www.heynature.de\/shop\/#organization"},"alternateName":"Produkte f\u00fcr ein nat\u00fcrlich ges\u00fcnderes Leben","potentialAction":[{"@type":"SearchAction","target":{"@type":"EntryPoint","urlTemplate":"https:\/\/www.heynature.de\/shop\/?s={search_term_string}"},"query-input":{"@type":"PropertyValueSpecification","valueRequired":true,"valueName":"search_term_string"}}],"inLanguage":"de"},{"@type":"Organization","@id":"https:\/\/www.heynature.de\/shop\/#organization","name":"Hey Nature GmbH","alternateName":"Hey Nature","url":"https:\/\/www.heynature.de\/shop\/","logo":{"@type":"ImageObject","inLanguage":"de","@id":"https:\/\/www.heynature.de\/shop\/#\/schema\/logo\/image\/","url":"https:\/\/www.heynature.de\/shop\/wp-content\/uploads\/2022\/04\/HeyNature-Logo_grau.png.png","contentUrl":"https:\/\/www.heynature.de\/shop\/wp-content\/uploads\/2022\/04\/HeyNature-Logo_grau.png.png","width":350,"height":123,"caption":"Hey Nature GmbH"},"image":{"@id":"https:\/\/www.heynature.de\/shop\/#\/schema\/logo\/image\/"},"sameAs":["https:\/\/www.facebook.com\/people\/Hey-Nature\/100087590509870\/","https:\/\/www.instagram.com\/heynature.de\/"]}]}},"tiered_pricing_type":"fixed","tiered_pricing_fixed_rules":[],"tiered_pricing_product_settings":{"layout":"default","base_unit_name":{"singular":null,"plural":null},"default_variation":null},"tiered_pricing_minimum_quantity":null,"tiered_pricing_roles_data":[],"tiered_pricing_percentage_rules":[],"tiered_pricing_maximum_quantity":null,"tiered_pricing_quantity_step":null,"_links":{"self":[{"href":"https:\/\/www.heynature.de\/shop\/wp-json\/wp\/v2\/product\/83921","targetHints":{"allow":["GET"]}}],"collection":[{"href":"https:\/\/www.heynature.de\/shop\/wp-json\/wp\/v2\/product"}],"about":[{"href":"https:\/\/www.heynature.de\/shop\/wp-json\/wp\/v2\/types\/product"}],"replies":[{"embeddable":true,"href":"https:\/\/www.heynature.de\/shop\/wp-json\/wp\/v2\/comments?post=83921"}],"version-history":[{"count":7,"href":"https:\/\/www.heynature.de\/shop\/wp-json\/wp\/v2\/product\/83921\/revisions"}],"predecessor-version":[{"id":103836,"href":"https:\/\/www.heynature.de\/shop\/wp-json\/wp\/v2\/product\/83921\/revisions\/103836"}],"wp:featuredmedia":[{"embeddable":true,"href":"https:\/\/www.heynature.de\/shop\/wp-json\/wp\/v2\/media\/103734"}],"wp:attachment":[{"href":"https:\/\/www.heynature.de\/shop\/wp-json\/wp\/v2\/media?parent=83921"}],"wp:term":[{"taxonomy":"product_brand","embeddable":true,"href":"https:\/\/www.heynature.de\/shop\/wp-json\/wp\/v2\/product_brand?post=83921"},{"taxonomy":"product_cat","embeddable":true,"href":"https:\/\/www.heynature.de\/shop\/wp-json\/wp\/v2\/product_cat?post=83921"},{"taxonomy":"product_tag","embeddable":true,"href":"https:\/\/www.heynature.de\/shop\/wp-json\/wp\/v2\/product_tag?post=83921"}],"curies":[{"name":"wp","href":"https:\/\/api.w.org\/{rel}","templated":true}]}}