{"id":110170,"date":"2025-03-12T14:39:37","date_gmt":"2025-03-12T13:39:37","guid":{"rendered":"https:\/\/www.heynature.de\/shop\/?post_type=product&#038;p=110170"},"modified":"2025-08-15T10:16:12","modified_gmt":"2025-08-15T08:16:12","slug":"schlupfwespen-dauerloesung","status":"publish","type":"product","link":"https:\/\/www.heynature.de\/shop\/produkt\/schlupfwespen-dauerloesung\/","title":{"rendered":"Schlupfwespen Dauerl\u00f6sung"},"content":{"rendered":"","protected":false},"excerpt":{"rendered":"[html_block id=\"119280\"]\n","protected":false},"featured_media":107368,"comment_status":"closed","ping_status":"closed","template":"","meta":[],"product_brand":[],"product_cat":[628,629,670],"product_tag":[],"class_list":{"0":"post-110170","1":"product","2":"type-product","3":"status-publish","4":"has-post-thumbnail","6":"product_cat-fuer-dein-zu-hause","7":"product_cat-nuetzlinge","8":"product_cat-schlupfwespen","9":"product_shipping_class-versandkostenfrei-schlupfis","10":"has-subscription-plans","12":"first","13":"instock","14":"sale","15":"taxable","16":"shipping-taxable","17":"purchasable","18":"product-type-variable"},"yoast_head":"<!-- This site is optimized with the Yoast SEO plugin v27.2 - https:\/\/yoast.com\/product\/yoast-seo-wordpress\/ -->\n<title>Schlupfwespen Dauerl\u00f6sung - Hey Nature<\/title>\n<meta name=\"robots\" content=\"index, follow, max-snippet:-1, max-image-preview:large, max-video-preview:-1\" \/>\n<link rel=\"canonical\" href=\"https:\/\/www.heynature.de\/shop\/produkt\/schlupfwespen-dauerloesung\/\" \/>\n<meta property=\"og:locale\" content=\"de_DE\" \/>\n<meta property=\"og:type\" content=\"article\" \/>\n<meta property=\"og:title\" content=\"Schlupfwespen Dauerl\u00f6sung - Hey Nature\" \/>\n<meta property=\"og:url\" content=\"https:\/\/www.heynature.de\/shop\/produkt\/schlupfwespen-dauerloesung\/\" \/>\n<meta property=\"og:site_name\" content=\"Hey Nature\" \/>\n<meta property=\"article:publisher\" content=\"https:\/\/www.facebook.com\/people\/Hey-Nature\/100087590509870\/\" \/>\n<meta property=\"article:modified_time\" content=\"2025-08-15T08:16:12+00:00\" \/>\n<meta property=\"og:image\" content=\"https:\/\/www.heynature.de\/shop\/wp-content\/uploads\/2024\/11\/Schlupfwespen-gegen-Lebensmittelmotten_3x1.webp\" \/>\n\t<meta property=\"og:image:width\" content=\"800\" \/>\n\t<meta property=\"og:image:height\" content=\"800\" \/>\n\t<meta property=\"og:image:type\" content=\"image\/jpeg\" \/>\n<meta name=\"twitter:card\" content=\"summary_large_image\" \/>\n<meta name=\"twitter:description\" content=\"[html_block id=&quot;119280&quot;]\" \/>\n<meta name=\"twitter:label1\" content=\"Gesch\u00e4tzte Lesezeit\" \/>\n\t<meta name=\"twitter:data1\" content=\"1\u00a0Minute\" \/>\n<script type=\"application\/ld+json\" class=\"yoast-schema-graph\">{\"@context\":\"https:\/\/schema.org\",\"@graph\":[{\"@type\":\"WebPage\",\"@id\":\"https:\/\/www.heynature.de\/shop\/produkt\/schlupfwespen-dauerloesung\/\",\"url\":\"https:\/\/www.heynature.de\/shop\/produkt\/schlupfwespen-dauerloesung\/\",\"name\":\"Schlupfwespen Dauerl\u00f6sung - Hey Nature\",\"isPartOf\":{\"@id\":\"https:\/\/www.heynature.de\/shop\/#website\"},\"primaryImageOfPage\":{\"@id\":\"https:\/\/www.heynature.de\/shop\/produkt\/schlupfwespen-dauerloesung\/#primaryimage\"},\"image\":{\"@id\":\"https:\/\/www.heynature.de\/shop\/produkt\/schlupfwespen-dauerloesung\/#primaryimage\"},\"thumbnailUrl\":\"https:\/\/www.heynature.de\/shop\/wp-content\/uploads\/2024\/11\/Schlupfwespen-gegen-Lebensmittelmotten_3x1.webp\",\"datePublished\":\"2025-03-12T13:39:37+00:00\",\"dateModified\":\"2025-08-15T08:16:12+00:00\",\"breadcrumb\":{\"@id\":\"https:\/\/www.heynature.de\/shop\/produkt\/schlupfwespen-dauerloesung\/#breadcrumb\"},\"inLanguage\":\"de\",\"potentialAction\":[{\"@type\":\"ReadAction\",\"target\":[\"https:\/\/www.heynature.de\/shop\/produkt\/schlupfwespen-dauerloesung\/\"]}]},{\"@type\":\"ImageObject\",\"inLanguage\":\"de\",\"@id\":\"https:\/\/www.heynature.de\/shop\/produkt\/schlupfwespen-dauerloesung\/#primaryimage\",\"url\":\"https:\/\/www.heynature.de\/shop\/wp-content\/uploads\/2024\/11\/Schlupfwespen-gegen-Lebensmittelmotten_3x1.webp\",\"contentUrl\":\"https:\/\/www.heynature.de\/shop\/wp-content\/uploads\/2024\/11\/Schlupfwespen-gegen-Lebensmittelmotten_3x1.webp\",\"width\":800,\"height\":800,\"caption\":\"Schlupfwespen gegen Lebensmittelmotten - 3 x 1 Karte\"},{\"@type\":\"BreadcrumbList\",\"@id\":\"https:\/\/www.heynature.de\/shop\/produkt\/schlupfwespen-dauerloesung\/#breadcrumb\",\"itemListElement\":[{\"@type\":\"ListItem\",\"position\":1,\"name\":\"Startseite\",\"item\":\"https:\/\/www.heynature.de\/shop\/\"},{\"@type\":\"ListItem\",\"position\":2,\"name\":\"Shop\",\"item\":\"https:\/\/www.heynature.de\/shop\/\"},{\"@type\":\"ListItem\",\"position\":3,\"name\":\"Schlupfwespen Dauerl\u00f6sung\"}]},{\"@type\":\"WebSite\",\"@id\":\"https:\/\/www.heynature.de\/shop\/#website\",\"url\":\"https:\/\/www.heynature.de\/shop\/\",\"name\":\"Hey Nature\",\"description\":\"Innovative, nat\u00fcrliche Produkte f\u00fcr ein gesundes Leben.\",\"publisher\":{\"@id\":\"https:\/\/www.heynature.de\/shop\/#organization\"},\"alternateName\":\"Produkte f\u00fcr ein nat\u00fcrlich ges\u00fcnderes Leben\",\"potentialAction\":[{\"@type\":\"SearchAction\",\"target\":{\"@type\":\"EntryPoint\",\"urlTemplate\":\"https:\/\/www.heynature.de\/shop\/?s={search_term_string}\"},\"query-input\":{\"@type\":\"PropertyValueSpecification\",\"valueRequired\":true,\"valueName\":\"search_term_string\"}}],\"inLanguage\":\"de\"},{\"@type\":\"Organization\",\"@id\":\"https:\/\/www.heynature.de\/shop\/#organization\",\"name\":\"Hey Nature GmbH\",\"alternateName\":\"Hey Nature\",\"url\":\"https:\/\/www.heynature.de\/shop\/\",\"logo\":{\"@type\":\"ImageObject\",\"inLanguage\":\"de\",\"@id\":\"https:\/\/www.heynature.de\/shop\/#\/schema\/logo\/image\/\",\"url\":\"https:\/\/www.heynature.de\/shop\/wp-content\/uploads\/2022\/04\/HeyNature-Logo_grau.png.png\",\"contentUrl\":\"https:\/\/www.heynature.de\/shop\/wp-content\/uploads\/2022\/04\/HeyNature-Logo_grau.png.png\",\"width\":350,\"height\":123,\"caption\":\"Hey Nature GmbH\"},\"image\":{\"@id\":\"https:\/\/www.heynature.de\/shop\/#\/schema\/logo\/image\/\"},\"sameAs\":[\"https:\/\/www.facebook.com\/people\/Hey-Nature\/100087590509870\/\",\"https:\/\/www.instagram.com\/heynature.de\/\"]}]}<\/script>\n<!-- \/ Yoast SEO plugin. -->","yoast_head_json":{"title":"Schlupfwespen Dauerl\u00f6sung - Hey Nature","robots":{"index":"index","follow":"follow","max-snippet":"max-snippet:-1","max-image-preview":"max-image-preview:large","max-video-preview":"max-video-preview:-1"},"canonical":"https:\/\/www.heynature.de\/shop\/produkt\/schlupfwespen-dauerloesung\/","og_locale":"de_DE","og_type":"article","og_title":"Schlupfwespen Dauerl\u00f6sung - Hey Nature","og_url":"https:\/\/www.heynature.de\/shop\/produkt\/schlupfwespen-dauerloesung\/","og_site_name":"Hey Nature","article_publisher":"https:\/\/www.facebook.com\/people\/Hey-Nature\/100087590509870\/","article_modified_time":"2025-08-15T08:16:12+00:00","og_image":[{"width":800,"height":800,"url":"https:\/\/www.heynature.de\/shop\/wp-content\/uploads\/2024\/11\/Schlupfwespen-gegen-Lebensmittelmotten_3x1.webp","type":"image\/jpeg"}],"twitter_card":"summary_large_image","twitter_description":"[html_block id=\"119280\"]","twitter_misc":{"Gesch\u00e4tzte Lesezeit":"1\u00a0Minute"},"schema":{"@context":"https:\/\/schema.org","@graph":[{"@type":"WebPage","@id":"https:\/\/www.heynature.de\/shop\/produkt\/schlupfwespen-dauerloesung\/","url":"https:\/\/www.heynature.de\/shop\/produkt\/schlupfwespen-dauerloesung\/","name":"Schlupfwespen Dauerl\u00f6sung - Hey Nature","isPartOf":{"@id":"https:\/\/www.heynature.de\/shop\/#website"},"primaryImageOfPage":{"@id":"https:\/\/www.heynature.de\/shop\/produkt\/schlupfwespen-dauerloesung\/#primaryimage"},"image":{"@id":"https:\/\/www.heynature.de\/shop\/produkt\/schlupfwespen-dauerloesung\/#primaryimage"},"thumbnailUrl":"https:\/\/www.heynature.de\/shop\/wp-content\/uploads\/2024\/11\/Schlupfwespen-gegen-Lebensmittelmotten_3x1.webp","datePublished":"2025-03-12T13:39:37+00:00","dateModified":"2025-08-15T08:16:12+00:00","breadcrumb":{"@id":"https:\/\/www.heynature.de\/shop\/produkt\/schlupfwespen-dauerloesung\/#breadcrumb"},"inLanguage":"de","potentialAction":[{"@type":"ReadAction","target":["https:\/\/www.heynature.de\/shop\/produkt\/schlupfwespen-dauerloesung\/"]}]},{"@type":"ImageObject","inLanguage":"de","@id":"https:\/\/www.heynature.de\/shop\/produkt\/schlupfwespen-dauerloesung\/#primaryimage","url":"https:\/\/www.heynature.de\/shop\/wp-content\/uploads\/2024\/11\/Schlupfwespen-gegen-Lebensmittelmotten_3x1.webp","contentUrl":"https:\/\/www.heynature.de\/shop\/wp-content\/uploads\/2024\/11\/Schlupfwespen-gegen-Lebensmittelmotten_3x1.webp","width":800,"height":800,"caption":"Schlupfwespen gegen Lebensmittelmotten - 3 x 1 Karte"},{"@type":"BreadcrumbList","@id":"https:\/\/www.heynature.de\/shop\/produkt\/schlupfwespen-dauerloesung\/#breadcrumb","itemListElement":[{"@type":"ListItem","position":1,"name":"Startseite","item":"https:\/\/www.heynature.de\/shop\/"},{"@type":"ListItem","position":2,"name":"Shop","item":"https:\/\/www.heynature.de\/shop\/"},{"@type":"ListItem","position":3,"name":"Schlupfwespen Dauerl\u00f6sung"}]},{"@type":"WebSite","@id":"https:\/\/www.heynature.de\/shop\/#website","url":"https:\/\/www.heynature.de\/shop\/","name":"Hey Nature","description":"Innovative, nat\u00fcrliche Produkte f\u00fcr ein gesundes Leben.","publisher":{"@id":"https:\/\/www.heynature.de\/shop\/#organization"},"alternateName":"Produkte f\u00fcr ein nat\u00fcrlich ges\u00fcnderes Leben","potentialAction":[{"@type":"SearchAction","target":{"@type":"EntryPoint","urlTemplate":"https:\/\/www.heynature.de\/shop\/?s={search_term_string}"},"query-input":{"@type":"PropertyValueSpecification","valueRequired":true,"valueName":"search_term_string"}}],"inLanguage":"de"},{"@type":"Organization","@id":"https:\/\/www.heynature.de\/shop\/#organization","name":"Hey Nature GmbH","alternateName":"Hey Nature","url":"https:\/\/www.heynature.de\/shop\/","logo":{"@type":"ImageObject","inLanguage":"de","@id":"https:\/\/www.heynature.de\/shop\/#\/schema\/logo\/image\/","url":"https:\/\/www.heynature.de\/shop\/wp-content\/uploads\/2022\/04\/HeyNature-Logo_grau.png.png","contentUrl":"https:\/\/www.heynature.de\/shop\/wp-content\/uploads\/2022\/04\/HeyNature-Logo_grau.png.png","width":350,"height":123,"caption":"Hey Nature GmbH"},"image":{"@id":"https:\/\/www.heynature.de\/shop\/#\/schema\/logo\/image\/"},"sameAs":["https:\/\/www.facebook.com\/people\/Hey-Nature\/100087590509870\/","https:\/\/www.instagram.com\/heynature.de\/"]}]}},"tiered_pricing_type":"fixed","tiered_pricing_fixed_rules":[],"tiered_pricing_product_settings":{"layout":"default","base_unit_name":{"singular":null,"plural":null},"default_variation":null},"tiered_pricing_minimum_quantity":null,"tiered_pricing_roles_data":[],"tiered_pricing_percentage_rules":[],"tiered_pricing_maximum_quantity":null,"tiered_pricing_quantity_step":null,"_links":{"self":[{"href":"https:\/\/www.heynature.de\/shop\/wp-json\/wp\/v2\/product\/110170","targetHints":{"allow":["GET"]}}],"collection":[{"href":"https:\/\/www.heynature.de\/shop\/wp-json\/wp\/v2\/product"}],"about":[{"href":"https:\/\/www.heynature.de\/shop\/wp-json\/wp\/v2\/types\/product"}],"replies":[{"embeddable":true,"href":"https:\/\/www.heynature.de\/shop\/wp-json\/wp\/v2\/comments?post=110170"}],"version-history":[{"count":6,"href":"https:\/\/www.heynature.de\/shop\/wp-json\/wp\/v2\/product\/110170\/revisions"}],"predecessor-version":[{"id":119285,"href":"https:\/\/www.heynature.de\/shop\/wp-json\/wp\/v2\/product\/110170\/revisions\/119285"}],"wp:featuredmedia":[{"embeddable":true,"href":"https:\/\/www.heynature.de\/shop\/wp-json\/wp\/v2\/media\/107368"}],"wp:attachment":[{"href":"https:\/\/www.heynature.de\/shop\/wp-json\/wp\/v2\/media?parent=110170"}],"wp:term":[{"taxonomy":"product_brand","embeddable":true,"href":"https:\/\/www.heynature.de\/shop\/wp-json\/wp\/v2\/product_brand?post=110170"},{"taxonomy":"product_cat","embeddable":true,"href":"https:\/\/www.heynature.de\/shop\/wp-json\/wp\/v2\/product_cat?post=110170"},{"taxonomy":"product_tag","embeddable":true,"href":"https:\/\/www.heynature.de\/shop\/wp-json\/wp\/v2\/product_tag?post=110170"}],"curies":[{"name":"wp","href":"https:\/\/api.w.org\/{rel}","templated":true}]}}