{"id":101355,"date":"2024-08-14T15:37:36","date_gmt":"2024-08-14T13:37:36","guid":{"rendered":"https:\/\/www.heynature.de\/shop\/?post_type=product&#038;p=101355"},"modified":"2026-04-10T13:00:41","modified_gmt":"2026-04-10T11:00:41","slug":"mottenfalle-gegen-lebensmittelmotten","status":"publish","type":"product","link":"https:\/\/www.heynature.de\/shop\/produkt\/mottenfalle-gegen-lebensmittelmotten\/","title":{"rendered":"Mottenfalle gegen Lebensmittelmotten"},"content":{"rendered":"<p>Produktbeschreibung<\/p>\n\t\t\t<link rel=\"stylesheet\" id=\"elementor-post-101380-css\" href=\"https:\/\/www.heynature.de\/shop\/wp-content\/uploads\/elementor\/css\/post-101380.css?ver=1776394559\" type=\"text\/css\" media=\"all\">\n\t\t\t\t\t<div data-elementor-type=\"wp-post\" data-elementor-id=\"101380\" class=\"elementor elementor-101380\" data-elementor-post-type=\"cms_block\">\n\t\t\t\t<div class=\"wd-negative-gap elementor-element elementor-element-8fd67d5 e-flex e-con-boxed e-con e-parent\" data-id=\"8fd67d5\" data-element_type=\"container\" data-e-type=\"container\">\n\t\t\t\t\t<div class=\"e-con-inner\">\n\t\t\t\t<div class=\"elementor-element elementor-element-181ca4c elementor-widget elementor-widget-heading\" data-id=\"181ca4c\" data-element_type=\"widget\" data-e-type=\"widget\" data-widget_type=\"heading.default\">\n\t\t\t\t<div class=\"elementor-widget-container\">\n\t\t\t\t\t<h2 class=\"elementor-heading-title elementor-size-default\">Hey Nature Pheromonfallen gegen Lebensmittelmotten <\/h2>\t\t\t\t<\/div>\n\t\t\t\t<\/div>\n\t\t\t\t\t<\/div>\n\t\t\t\t<\/div>\n\t\t<div class=\"wd-negative-gap elementor-element elementor-element-bfebd1c e-flex e-con-boxed e-con e-parent\" data-id=\"bfebd1c\" data-element_type=\"container\" data-e-type=\"container\">\n\t\t\t\t\t<div class=\"e-con-inner\">\n\t\t\t\t<div class=\"elementor-element elementor-element-3af5e54 color-scheme-inherit text-left elementor-widget elementor-widget-text-editor\" data-id=\"3af5e54\" data-element_type=\"widget\" data-e-type=\"widget\" data-widget_type=\"text-editor.default\">\n\t\t\t\t<div class=\"elementor-widget-container\">\n\t\t\t\t\t\t\t\t\t<div class=\"a-section a-spacing-none\"><ul class=\"a-unordered-list a-vertical a-spacing-mini\"><li class=\"a-spacing-mini\"><span class=\"a-list-item\">MAXIMALE LOCKWIRKUNG: Unsere Motten Klebefallen sind mit einem besonderen Pheromon (Sexuallockstoff) versehen. Sie ziehen m\u00e4nnliche Motten zur Befallsermittlung an, die Fortpflanzung wird verhindert. Alle g\u00e4ngigen Lebensmittelmotten werden angezogen. <\/span><\/li><li class=\"a-spacing-mini\"><span class=\"a-list-item\"> GIFTFREI &amp; GERUCHLOS: Im Gegensatz zu Mottenspray, Mottenkugeln, Mottenpapier und andere Mittel gegen Lebensmittelmotten sind unsere Mottenfallen 100% insektizidfrei und geruchlos. <\/span><\/li><li class=\"a-spacing-mini\"><span class=\"a-list-item\"> EINFACHE ANWENDUNG: Lebensmittel Mottenfalle einfach diskret in den Schrank kleben und schon ist der erste Schritt zum Lebensmittelmotten bek\u00e4mpfen getan. Mottenschutz leicht gemacht! <\/span><\/li><li class=\"a-spacing-mini\"><span class=\"a-list-item\">\u00a0LANGE WIRKDAUER IM VORTEILSPACK: bis zu 12 Wochen lockt EINE Hey Nature Pheromonfalle Lebensmittelmotten wie D\u00f6rrobstmotten, Mehlmotten, Speichermotten und Dattelmotten an. <\/span><\/li><li class=\"a-spacing-mini\"><span class=\"a-list-item\"><span class=\"a-list-item\"> DEUTSCHES PRODUKT: Mit viel Sorgfalt in Deutschland hergestellt.<\/span><\/span><p>Hast du in deinen Mottenfallen Lebensmittelmotten gefunden, empfehlen wir dir zus\u00e4tzlich den nat\u00fcrlichen Feind der Motte: <a href=\"https:\/\/www.heynature.de\/shop\/produkt\/schlupfwespen-gegen-lebensmittelmotten\/\">Unsere Hey Nature Schlupfwespen gegen Lebensmittelmotten<\/a>. Diese N\u00fctzlinge beheben nicht nur die Symptome des Mottenbefalls, sondern eliminieren die Ursache durch Bek\u00e4mpfung aller Motteneier.<\/p><\/li><\/ul><\/div>\t\t\t\t\t\t\t\t<\/div>\n\t\t\t\t<\/div>\n\t\t\t\t<div class=\"elementor-element elementor-element-ff93977 elementor-widget elementor-widget-heading\" data-id=\"ff93977\" data-element_type=\"widget\" data-e-type=\"widget\" data-widget_type=\"heading.default\">\n\t\t\t\t<div class=\"elementor-widget-container\">\n\t\t\t\t\t<h3 class=\"elementor-heading-title elementor-size-default\">FAQ - die wichtigsten Fragen zu Pheromonfallen schnell beantwortet<\/h3>\t\t\t\t<\/div>\n\t\t\t\t<\/div>\n\t\t\t\t<div class=\"elementor-element elementor-element-96a8bf5 elementor-widget elementor-widget-accordion\" data-id=\"96a8bf5\" data-element_type=\"widget\" data-e-type=\"widget\" data-widget_type=\"accordion.default\">\n\t\t\t\t<div class=\"elementor-widget-container\">\n\t\t\t\t\t\t\t<div class=\"elementor-accordion\">\n\t\t\t\t\t\t\t<div class=\"elementor-accordion-item\">\n\t\t\t\t\t<div id=\"elementor-tab-title-1571\" class=\"elementor-tab-title\" data-tab=\"1\" role=\"button\" aria-controls=\"elementor-tab-content-1571\" aria-expanded=\"false\">\n\t\t\t\t\t\t\t\t\t\t\t\t\t<span class=\"elementor-accordion-icon elementor-accordion-icon-left\" aria-hidden=\"true\">\n\t\t\t\t\t\t\t\t\t\t\t\t\t\t\t<span class=\"elementor-accordion-icon-closed\"><i class=\"fas fa-plus\"><\/i><\/span>\n\t\t\t\t\t\t\t\t<span class=\"elementor-accordion-icon-opened\"><i class=\"fas fa-minus\"><\/i><\/span>\n\t\t\t\t\t\t\t\t\t\t\t\t\t\t<\/span>\n\t\t\t\t\t\t\t\t\t\t\t\t<a class=\"elementor-accordion-title\" tabindex=\"0\">Wieso sollte ich die Lebensmittelmotten bek\u00e4mpfen?<\/a>\n\t\t\t\t\t<\/div>\n\t\t\t\t\t<div id=\"elementor-tab-content-1571\" class=\"elementor-tab-content elementor-clearfix\" data-tab=\"1\" role=\"region\" aria-labelledby=\"elementor-tab-title-1571\"><p class=\"aplus-answer aplus-p2\">Lebensmittelmotten verunreinigen deine Lebensmittel mit ihrem Kot und Larven. Dies kann zu Magen-Darm Beschwerden und im schlimmsten Fall zu Allergien f\u00fchren. Du solltest also schnell handeln. Auch weil sonst nachgekaufte Lebensmittel ebenfalls von den Mottensch\u00e4dlingen befallen werden k\u00f6nnen.<\/p><\/div>\n\t\t\t\t<\/div>\n\t\t\t\t\t\t\t<div class=\"elementor-accordion-item\">\n\t\t\t\t\t<div id=\"elementor-tab-title-1572\" class=\"elementor-tab-title\" data-tab=\"2\" role=\"button\" aria-controls=\"elementor-tab-content-1572\" aria-expanded=\"false\">\n\t\t\t\t\t\t\t\t\t\t\t\t\t<span class=\"elementor-accordion-icon elementor-accordion-icon-left\" aria-hidden=\"true\">\n\t\t\t\t\t\t\t\t\t\t\t\t\t\t\t<span class=\"elementor-accordion-icon-closed\"><i class=\"fas fa-plus\"><\/i><\/span>\n\t\t\t\t\t\t\t\t<span class=\"elementor-accordion-icon-opened\"><i class=\"fas fa-minus\"><\/i><\/span>\n\t\t\t\t\t\t\t\t\t\t\t\t\t\t<\/span>\n\t\t\t\t\t\t\t\t\t\t\t\t<a class=\"elementor-accordion-title\" tabindex=\"0\">Verschwinden die Motten von alleine?<\/a>\n\t\t\t\t\t<\/div>\n\t\t\t\t\t<div id=\"elementor-tab-content-1572\" class=\"elementor-tab-content elementor-clearfix\" data-tab=\"2\" role=\"region\" aria-labelledby=\"elementor-tab-title-1572\"><p class=\"aplus-answer aplus-p2\">Leider nein. Kontrolliere deine Lebensmittel und schmei\u00dfe alles befallene weg. Reinige die Schr\u00e4nke gut mit Essig und dann empfehlen wir dir den Einsatz von <a href=\"https:\/\/www.heynature.de\/shop\/produkt\/schlupfwespen-gegen-lebensmittelmotten\/\">Schlupfwespen gegen Lebensmittelmotten<\/a>, um die Tiere endg\u00fcltig loszuwerden.<\/p><\/div>\n\t\t\t\t<\/div>\n\t\t\t\t\t\t\t<div class=\"elementor-accordion-item\">\n\t\t\t\t\t<div id=\"elementor-tab-title-1573\" class=\"elementor-tab-title\" data-tab=\"3\" role=\"button\" aria-controls=\"elementor-tab-content-1573\" aria-expanded=\"false\">\n\t\t\t\t\t\t\t\t\t\t\t\t\t<span class=\"elementor-accordion-icon elementor-accordion-icon-left\" aria-hidden=\"true\">\n\t\t\t\t\t\t\t\t\t\t\t\t\t\t\t<span class=\"elementor-accordion-icon-closed\"><i class=\"fas fa-plus\"><\/i><\/span>\n\t\t\t\t\t\t\t\t<span class=\"elementor-accordion-icon-opened\"><i class=\"fas fa-minus\"><\/i><\/span>\n\t\t\t\t\t\t\t\t\t\t\t\t\t\t<\/span>\n\t\t\t\t\t\t\t\t\t\t\t\t<a class=\"elementor-accordion-title\" tabindex=\"0\">Welche Lebensmittel werden normalerweise befallen?<\/a>\n\t\t\t\t\t<\/div>\n\t\t\t\t\t<div id=\"elementor-tab-content-1573\" class=\"elementor-tab-content elementor-clearfix\" data-tab=\"3\" role=\"region\" aria-labelledby=\"elementor-tab-title-1573\"><p class=\"aplus-answer aplus-p2\">In der Regel werden trockene Lebensmittel wie Mehl, Trockenobst, Reis, N\u00fcsse, aber auch Tee und Gew\u00fcrze befallen. Hebe diese Lebensmittel nachdem du sie kontrolliert hast, am besten in Luftdichten Containern oder Gl\u00e4sern auf.<\/p><\/div>\n\t\t\t\t<\/div>\n\t\t\t\t\t\t\t<div class=\"elementor-accordion-item\">\n\t\t\t\t\t<div id=\"elementor-tab-title-1574\" class=\"elementor-tab-title\" data-tab=\"4\" role=\"button\" aria-controls=\"elementor-tab-content-1574\" aria-expanded=\"false\">\n\t\t\t\t\t\t\t\t\t\t\t\t\t<span class=\"elementor-accordion-icon elementor-accordion-icon-left\" aria-hidden=\"true\">\n\t\t\t\t\t\t\t\t\t\t\t\t\t\t\t<span class=\"elementor-accordion-icon-closed\"><i class=\"fas fa-plus\"><\/i><\/span>\n\t\t\t\t\t\t\t\t<span class=\"elementor-accordion-icon-opened\"><i class=\"fas fa-minus\"><\/i><\/span>\n\t\t\t\t\t\t\t\t\t\t\t\t\t\t<\/span>\n\t\t\t\t\t\t\t\t\t\t\t\t<a class=\"elementor-accordion-title\" tabindex=\"0\">Wie viele Fallen muss ich aufh\u00e4ngen? <\/a>\n\t\t\t\t\t<\/div>\n\t\t\t\t\t<div id=\"elementor-tab-content-1574\" class=\"elementor-tab-content elementor-clearfix\" data-tab=\"4\" role=\"region\" aria-labelledby=\"elementor-tab-title-1574\"><p><span id=\"faq-3\" class=\"answer\" aria-hidden=\"true\">Eine Falle pro Raum reicht vollkommen. In gr\u00f6\u00dferen R\u00e4umen (ab ca. 20m\u00b2) kannst du auch zwei Fallen anbringen. H\u00e4nge sie am besten auf der Au\u00dfenseite eines Schrankes auf. <\/span><\/p><\/div>\n\t\t\t\t<\/div>\n\t\t\t\t\t\t\t<div class=\"elementor-accordion-item\">\n\t\t\t\t\t<div id=\"elementor-tab-title-1575\" class=\"elementor-tab-title\" data-tab=\"5\" role=\"button\" aria-controls=\"elementor-tab-content-1575\" aria-expanded=\"false\">\n\t\t\t\t\t\t\t\t\t\t\t\t\t<span class=\"elementor-accordion-icon elementor-accordion-icon-left\" aria-hidden=\"true\">\n\t\t\t\t\t\t\t\t\t\t\t\t\t\t\t<span class=\"elementor-accordion-icon-closed\"><i class=\"fas fa-plus\"><\/i><\/span>\n\t\t\t\t\t\t\t\t<span class=\"elementor-accordion-icon-opened\"><i class=\"fas fa-minus\"><\/i><\/span>\n\t\t\t\t\t\t\t\t\t\t\t\t\t\t<\/span>\n\t\t\t\t\t\t\t\t\t\t\t\t<a class=\"elementor-accordion-title\" tabindex=\"0\">Muss ich bei der Anwendung etwas beachten?<\/a>\n\t\t\t\t\t<\/div>\n\t\t\t\t\t<div id=\"elementor-tab-content-1575\" class=\"elementor-tab-content elementor-clearfix\" data-tab=\"5\" role=\"region\" aria-labelledby=\"elementor-tab-title-1575\"><p class=\"aplus-answer aplus-p2\">Die Fallen k\u00f6nnen ganz leicht aufgehangen werden, sie sind ungiftig. Dennoch empfehlen wir dir, die H\u00e4nde zu waschen, solltest du mit der Klebefl\u00e4che in Ber\u00fchrung gekommen sein. Bewahre die nicht verwendeten Fallen luftdicht verschlossen auf.<\/p><\/div>\n\t\t\t\t<\/div>\n\t\t\t\t\t\t\t\t<\/div>\n\t\t\t\t\t\t<\/div>\n\t\t\t\t<\/div>\n\t\t\t\t\t<\/div>\n\t\t\t\t<\/div>\n\t\t\t\t<\/div>\n\t\t\n","protected":false},"excerpt":{"rendered":"<ul>\n<li>Maximale Lockwirkung<\/li>\n<li>f\u00e4ngt alle heimischen Lebensmittelmottenarten<\/li>\n<li>einfache Anwendung<\/li>\n<li>biozidfrei und geruchlos<\/li>\n<\/ul>\n","protected":false},"featured_media":101359,"comment_status":"open","ping_status":"closed","template":"","meta":[],"product_brand":[],"product_cat":[628],"product_tag":[],"class_list":{"0":"post-101355","1":"product","2":"type-product","3":"status-publish","4":"has-post-thumbnail","6":"product_cat-fuer-dein-zu-hause","7":"product_shipping_class-briefe","8":"pa_brand-hey-nature","10":"first","11":"instock","12":"taxable","13":"shipping-taxable","14":"purchasable","15":"product-type-variable","16":"has-default-attributes"},"yoast_head":"<!-- This site is optimized with the Yoast SEO plugin v27.2 - https:\/\/yoast.com\/product\/yoast-seo-wordpress\/ -->\n<title>Mottenfalle gegen Lebensmittelmotten - Hey Nature<\/title>\n<meta name=\"robots\" content=\"index, follow, max-snippet:-1, max-image-preview:large, max-video-preview:-1\" \/>\n<link rel=\"canonical\" href=\"https:\/\/www.heynature.de\/shop\/produkt\/mottenfalle-gegen-lebensmittelmotten\/\" \/>\n<meta property=\"og:locale\" content=\"de_DE\" \/>\n<meta property=\"og:type\" content=\"article\" \/>\n<meta property=\"og:title\" content=\"Mottenfalle gegen Lebensmittelmotten - Hey Nature\" \/>\n<meta property=\"og:description\" content=\"Maximale Lockwirkung  f\u00e4ngt alle heimischen Lebensmittelmottenarten  einfache Anwendung  biozidfrei und geruchlos\" \/>\n<meta property=\"og:url\" content=\"https:\/\/www.heynature.de\/shop\/produkt\/mottenfalle-gegen-lebensmittelmotten\/\" \/>\n<meta property=\"og:site_name\" content=\"Hey Nature\" \/>\n<meta property=\"article:publisher\" content=\"https:\/\/www.facebook.com\/people\/Hey-Nature\/100087590509870\/\" \/>\n<meta property=\"article:modified_time\" content=\"2026-04-10T11:00:41+00:00\" \/>\n<meta property=\"og:image\" content=\"https:\/\/www.heynature.de\/shop\/wp-content\/uploads\/2024\/08\/Pheromonfallen_Titel_12.jpg\" \/>\n\t<meta property=\"og:image:width\" content=\"800\" \/>\n\t<meta property=\"og:image:height\" content=\"800\" \/>\n\t<meta property=\"og:image:type\" content=\"image\/jpeg\" \/>\n<meta name=\"twitter:card\" content=\"summary_large_image\" \/>\n<meta name=\"twitter:label1\" content=\"Gesch\u00e4tzte Lesezeit\" \/>\n\t<meta name=\"twitter:data1\" content=\"1\u00a0Minute\" \/>\n<script type=\"application\/ld+json\" class=\"yoast-schema-graph\">{\"@context\":\"https:\/\/schema.org\",\"@graph\":[{\"@type\":\"WebPage\",\"@id\":\"https:\/\/www.heynature.de\/shop\/produkt\/mottenfalle-gegen-lebensmittelmotten\/\",\"url\":\"https:\/\/www.heynature.de\/shop\/produkt\/mottenfalle-gegen-lebensmittelmotten\/\",\"name\":\"Mottenfalle gegen Lebensmittelmotten - Hey Nature\",\"isPartOf\":{\"@id\":\"https:\/\/www.heynature.de\/shop\/#website\"},\"primaryImageOfPage\":{\"@id\":\"https:\/\/www.heynature.de\/shop\/produkt\/mottenfalle-gegen-lebensmittelmotten\/#primaryimage\"},\"image\":{\"@id\":\"https:\/\/www.heynature.de\/shop\/produkt\/mottenfalle-gegen-lebensmittelmotten\/#primaryimage\"},\"thumbnailUrl\":\"https:\/\/www.heynature.de\/shop\/wp-content\/uploads\/2024\/08\/Pheromonfallen_Titel_12.jpg\",\"datePublished\":\"2024-08-14T13:37:36+00:00\",\"dateModified\":\"2026-04-10T11:00:41+00:00\",\"breadcrumb\":{\"@id\":\"https:\/\/www.heynature.de\/shop\/produkt\/mottenfalle-gegen-lebensmittelmotten\/#breadcrumb\"},\"inLanguage\":\"de\",\"potentialAction\":[{\"@type\":\"ReadAction\",\"target\":[\"https:\/\/www.heynature.de\/shop\/produkt\/mottenfalle-gegen-lebensmittelmotten\/\"]}]},{\"@type\":\"ImageObject\",\"inLanguage\":\"de\",\"@id\":\"https:\/\/www.heynature.de\/shop\/produkt\/mottenfalle-gegen-lebensmittelmotten\/#primaryimage\",\"url\":\"https:\/\/www.heynature.de\/shop\/wp-content\/uploads\/2024\/08\/Pheromonfallen_Titel_12.jpg\",\"contentUrl\":\"https:\/\/www.heynature.de\/shop\/wp-content\/uploads\/2024\/08\/Pheromonfallen_Titel_12.jpg\",\"width\":800,\"height\":800,\"caption\":\"Mottenfallen gegen Lebensmittelmotten 12 St\u00fcck\"},{\"@type\":\"BreadcrumbList\",\"@id\":\"https:\/\/www.heynature.de\/shop\/produkt\/mottenfalle-gegen-lebensmittelmotten\/#breadcrumb\",\"itemListElement\":[{\"@type\":\"ListItem\",\"position\":1,\"name\":\"Startseite\",\"item\":\"https:\/\/www.heynature.de\/shop\/\"},{\"@type\":\"ListItem\",\"position\":2,\"name\":\"Shop\",\"item\":\"https:\/\/www.heynature.de\/shop\/\"},{\"@type\":\"ListItem\",\"position\":3,\"name\":\"Mottenfalle gegen Lebensmittelmotten\"}]},{\"@type\":\"WebSite\",\"@id\":\"https:\/\/www.heynature.de\/shop\/#website\",\"url\":\"https:\/\/www.heynature.de\/shop\/\",\"name\":\"Hey Nature\",\"description\":\"Innovative, nat\u00fcrliche Produkte f\u00fcr ein gesundes Leben.\",\"publisher\":{\"@id\":\"https:\/\/www.heynature.de\/shop\/#organization\"},\"alternateName\":\"Produkte f\u00fcr ein nat\u00fcrlich ges\u00fcnderes Leben\",\"potentialAction\":[{\"@type\":\"SearchAction\",\"target\":{\"@type\":\"EntryPoint\",\"urlTemplate\":\"https:\/\/www.heynature.de\/shop\/?s={search_term_string}\"},\"query-input\":{\"@type\":\"PropertyValueSpecification\",\"valueRequired\":true,\"valueName\":\"search_term_string\"}}],\"inLanguage\":\"de\"},{\"@type\":\"Organization\",\"@id\":\"https:\/\/www.heynature.de\/shop\/#organization\",\"name\":\"Hey Nature GmbH\",\"alternateName\":\"Hey Nature\",\"url\":\"https:\/\/www.heynature.de\/shop\/\",\"logo\":{\"@type\":\"ImageObject\",\"inLanguage\":\"de\",\"@id\":\"https:\/\/www.heynature.de\/shop\/#\/schema\/logo\/image\/\",\"url\":\"https:\/\/www.heynature.de\/shop\/wp-content\/uploads\/2022\/04\/HeyNature-Logo_grau.png.png\",\"contentUrl\":\"https:\/\/www.heynature.de\/shop\/wp-content\/uploads\/2022\/04\/HeyNature-Logo_grau.png.png\",\"width\":350,\"height\":123,\"caption\":\"Hey Nature GmbH\"},\"image\":{\"@id\":\"https:\/\/www.heynature.de\/shop\/#\/schema\/logo\/image\/\"},\"sameAs\":[\"https:\/\/www.facebook.com\/people\/Hey-Nature\/100087590509870\/\",\"https:\/\/www.instagram.com\/heynature.de\/\"]}]}<\/script>\n<!-- \/ Yoast SEO plugin. -->","yoast_head_json":{"title":"Mottenfalle gegen Lebensmittelmotten - Hey Nature","robots":{"index":"index","follow":"follow","max-snippet":"max-snippet:-1","max-image-preview":"max-image-preview:large","max-video-preview":"max-video-preview:-1"},"canonical":"https:\/\/www.heynature.de\/shop\/produkt\/mottenfalle-gegen-lebensmittelmotten\/","og_locale":"de_DE","og_type":"article","og_title":"Mottenfalle gegen Lebensmittelmotten - Hey Nature","og_description":"Maximale Lockwirkung  f\u00e4ngt alle heimischen Lebensmittelmottenarten  einfache Anwendung  biozidfrei und geruchlos","og_url":"https:\/\/www.heynature.de\/shop\/produkt\/mottenfalle-gegen-lebensmittelmotten\/","og_site_name":"Hey Nature","article_publisher":"https:\/\/www.facebook.com\/people\/Hey-Nature\/100087590509870\/","article_modified_time":"2026-04-10T11:00:41+00:00","og_image":[{"width":800,"height":800,"url":"https:\/\/www.heynature.de\/shop\/wp-content\/uploads\/2024\/08\/Pheromonfallen_Titel_12.jpg","type":"image\/jpeg"}],"twitter_card":"summary_large_image","twitter_misc":{"Gesch\u00e4tzte Lesezeit":"1\u00a0Minute"},"schema":{"@context":"https:\/\/schema.org","@graph":[{"@type":"WebPage","@id":"https:\/\/www.heynature.de\/shop\/produkt\/mottenfalle-gegen-lebensmittelmotten\/","url":"https:\/\/www.heynature.de\/shop\/produkt\/mottenfalle-gegen-lebensmittelmotten\/","name":"Mottenfalle gegen Lebensmittelmotten - Hey Nature","isPartOf":{"@id":"https:\/\/www.heynature.de\/shop\/#website"},"primaryImageOfPage":{"@id":"https:\/\/www.heynature.de\/shop\/produkt\/mottenfalle-gegen-lebensmittelmotten\/#primaryimage"},"image":{"@id":"https:\/\/www.heynature.de\/shop\/produkt\/mottenfalle-gegen-lebensmittelmotten\/#primaryimage"},"thumbnailUrl":"https:\/\/www.heynature.de\/shop\/wp-content\/uploads\/2024\/08\/Pheromonfallen_Titel_12.jpg","datePublished":"2024-08-14T13:37:36+00:00","dateModified":"2026-04-10T11:00:41+00:00","breadcrumb":{"@id":"https:\/\/www.heynature.de\/shop\/produkt\/mottenfalle-gegen-lebensmittelmotten\/#breadcrumb"},"inLanguage":"de","potentialAction":[{"@type":"ReadAction","target":["https:\/\/www.heynature.de\/shop\/produkt\/mottenfalle-gegen-lebensmittelmotten\/"]}]},{"@type":"ImageObject","inLanguage":"de","@id":"https:\/\/www.heynature.de\/shop\/produkt\/mottenfalle-gegen-lebensmittelmotten\/#primaryimage","url":"https:\/\/www.heynature.de\/shop\/wp-content\/uploads\/2024\/08\/Pheromonfallen_Titel_12.jpg","contentUrl":"https:\/\/www.heynature.de\/shop\/wp-content\/uploads\/2024\/08\/Pheromonfallen_Titel_12.jpg","width":800,"height":800,"caption":"Mottenfallen gegen Lebensmittelmotten 12 St\u00fcck"},{"@type":"BreadcrumbList","@id":"https:\/\/www.heynature.de\/shop\/produkt\/mottenfalle-gegen-lebensmittelmotten\/#breadcrumb","itemListElement":[{"@type":"ListItem","position":1,"name":"Startseite","item":"https:\/\/www.heynature.de\/shop\/"},{"@type":"ListItem","position":2,"name":"Shop","item":"https:\/\/www.heynature.de\/shop\/"},{"@type":"ListItem","position":3,"name":"Mottenfalle gegen Lebensmittelmotten"}]},{"@type":"WebSite","@id":"https:\/\/www.heynature.de\/shop\/#website","url":"https:\/\/www.heynature.de\/shop\/","name":"Hey Nature","description":"Innovative, nat\u00fcrliche Produkte f\u00fcr ein gesundes Leben.","publisher":{"@id":"https:\/\/www.heynature.de\/shop\/#organization"},"alternateName":"Produkte f\u00fcr ein nat\u00fcrlich ges\u00fcnderes Leben","potentialAction":[{"@type":"SearchAction","target":{"@type":"EntryPoint","urlTemplate":"https:\/\/www.heynature.de\/shop\/?s={search_term_string}"},"query-input":{"@type":"PropertyValueSpecification","valueRequired":true,"valueName":"search_term_string"}}],"inLanguage":"de"},{"@type":"Organization","@id":"https:\/\/www.heynature.de\/shop\/#organization","name":"Hey Nature GmbH","alternateName":"Hey Nature","url":"https:\/\/www.heynature.de\/shop\/","logo":{"@type":"ImageObject","inLanguage":"de","@id":"https:\/\/www.heynature.de\/shop\/#\/schema\/logo\/image\/","url":"https:\/\/www.heynature.de\/shop\/wp-content\/uploads\/2022\/04\/HeyNature-Logo_grau.png.png","contentUrl":"https:\/\/www.heynature.de\/shop\/wp-content\/uploads\/2022\/04\/HeyNature-Logo_grau.png.png","width":350,"height":123,"caption":"Hey Nature GmbH"},"image":{"@id":"https:\/\/www.heynature.de\/shop\/#\/schema\/logo\/image\/"},"sameAs":["https:\/\/www.facebook.com\/people\/Hey-Nature\/100087590509870\/","https:\/\/www.instagram.com\/heynature.de\/"]}]}},"tiered_pricing_type":"fixed","tiered_pricing_fixed_rules":[],"tiered_pricing_product_settings":{"layout":"default","base_unit_name":{"singular":null,"plural":null},"default_variation":null},"tiered_pricing_minimum_quantity":null,"tiered_pricing_roles_data":[],"tiered_pricing_percentage_rules":[],"tiered_pricing_maximum_quantity":null,"tiered_pricing_quantity_step":null,"_links":{"self":[{"href":"https:\/\/www.heynature.de\/shop\/wp-json\/wp\/v2\/product\/101355","targetHints":{"allow":["GET"]}}],"collection":[{"href":"https:\/\/www.heynature.de\/shop\/wp-json\/wp\/v2\/product"}],"about":[{"href":"https:\/\/www.heynature.de\/shop\/wp-json\/wp\/v2\/types\/product"}],"replies":[{"embeddable":true,"href":"https:\/\/www.heynature.de\/shop\/wp-json\/wp\/v2\/comments?post=101355"}],"version-history":[{"count":10,"href":"https:\/\/www.heynature.de\/shop\/wp-json\/wp\/v2\/product\/101355\/revisions"}],"predecessor-version":[{"id":123803,"href":"https:\/\/www.heynature.de\/shop\/wp-json\/wp\/v2\/product\/101355\/revisions\/123803"}],"wp:featuredmedia":[{"embeddable":true,"href":"https:\/\/www.heynature.de\/shop\/wp-json\/wp\/v2\/media\/101359"}],"wp:attachment":[{"href":"https:\/\/www.heynature.de\/shop\/wp-json\/wp\/v2\/media?parent=101355"}],"wp:term":[{"taxonomy":"product_brand","embeddable":true,"href":"https:\/\/www.heynature.de\/shop\/wp-json\/wp\/v2\/product_brand?post=101355"},{"taxonomy":"product_cat","embeddable":true,"href":"https:\/\/www.heynature.de\/shop\/wp-json\/wp\/v2\/product_cat?post=101355"},{"taxonomy":"product_tag","embeddable":true,"href":"https:\/\/www.heynature.de\/shop\/wp-json\/wp\/v2\/product_tag?post=101355"}],"curies":[{"name":"wp","href":"https:\/\/api.w.org\/{rel}","templated":true}]}}